{"id":856,"date":"2021-12-17T14:34:33","date_gmt":"2021-12-17T14:34:33","guid":{"rendered":"https:\/\/campingmareblu.com\/camping\/"},"modified":"2022-11-29T15:42:12","modified_gmt":"2022-11-29T15:42:12","slug":"campingplatz-toskana-meer","status":"publish","type":"page","link":"https:\/\/campingmareblu.com\/de\/campingplatz-toskana-meer\/","title":{"rendered":"Camping"},"content":{"rendered":"<section class=\"l-section wpb_row height_small width_full with_slider\"><div class=\"l-section-slider\"><div class=\"w-slider style_none fit_cover\"><div class=\"w-slider-h\"><div class=\"royalSlider\"><div class=\"rsContent\"><a class=\"rsImg\" data-rsw=\"1500\" data-rsh=\"782\" href=\"https:\/\/campingmareblu.com\/wp-content\/uploads\/2021\/10\/mare-blu-camping-village-toscana-sistemazioni-camping-01.jpeg\"><span data-alt=\"\"><\/span><\/a><\/div><\/div><img src=\"https:\/\/campingmareblu.com\/wp-content\/uploads\/2021\/10\/mare-blu-camping-village-toscana-sistemazioni-camping-01.jpeg\" width=\"1500\" height=\"782\" alt loading=\"lazy\"><\/div><div class=\"w-slider-json\" onclick='return {&quot;loop&quot;:true,&quot;fadeInLoadedSlide&quot;:false,&quot;slidesSpacing&quot;:0,&quot;imageScalePadding&quot;:0,&quot;numImagesToPreload&quot;:2,&quot;arrowsNav&quot;:false,&quot;arrowsNavAutoHide&quot;:false,&quot;transitionType&quot;:&quot;move&quot;,&quot;transitionSpeed&quot;:1000,&quot;block&quot;:{&quot;moveEffect&quot;:&quot;none&quot;,&quot;speed&quot;:300},&quot;controlNavigation&quot;:&quot;none&quot;,&quot;autoplay&quot;:{&quot;enabled&quot;:true,&quot;pauseOnHover&quot;:false,&quot;delay&quot;:3000},&quot;imageScaleMode&quot;:&quot;fill&quot;,&quot;autoScaleSlider&quot;:true,&quot;autoScaleSliderWidth&quot;:1500,&quot;autoScaleSliderHeight&quot;:782,&quot;fitInViewport&quot;:false}'><\/div><\/div><\/div><div class=\"l-section-h i-cf\"><div class=\"g-cols via_grid cols_1 laptops-cols_inherit tablets-cols_inherit mobiles-cols_1 valign_top type_default\"><div class=\"wpb_column vc_column_container\"><div class=\"vc_column-inner\"><div class=\"ult-spacer spacer-69f633ad013c6\" data-id=\"69f633ad013c6\" data-height=\"550\" data-height-mobile=\"550\" data-height-tab=\"550\" data-height-tab-portrait=\"\" data-height-mobile-landscape=\"\" style=\"clear:both;display:block;\"><\/div><\/div><\/div><\/div><\/div><\/section><section class=\"l-section wpb_row height_small\"><div class=\"l-section-h i-cf\"><div class=\"g-cols via_grid cols_1 laptops-cols_inherit tablets-cols_inherit mobiles-cols_1 valign_top type_default\"><div class=\"wpb_column vc_column_container\"><div class=\"vc_column-inner\"><div class=\"ult-spacer spacer-69f633ad017b2\" data-id=\"69f633ad017b2\" data-height=\"30\" data-height-mobile=\"20\" data-height-tab=\"20\" data-height-tab-portrait=\"20\" data-height-mobile-landscape=\"20\" style=\"clear:both;display:block;\"><\/div><div class=\"wpb_text_column us_custom_9ab1b070 has_text_color\"><div class=\"wpb_wrapper\"><h1 style=\"text-align: center;\">Camping<\/h1>\n<\/div><\/div><div class=\"wpb_text_column us_custom_9cf62edc has_text_color\"><div class=\"wpb_wrapper\"><p style=\"text-align: center;\">Camping und Village in <strong>Cecina Mare<\/strong>, in der <strong> Toskana<\/strong><\/p>\n<\/div><\/div><div class=\"ult-spacer spacer-69f633ad01a69\" data-id=\"69f633ad01a69\" data-height=\"20\" data-height-mobile=\"20\" data-height-tab=\"20\" data-height-tab-portrait=\"20\" data-height-mobile-landscape=\"20\" style=\"clear:both;display:block;\"><\/div><\/div><\/div><\/div><\/div><\/section><section class=\"l-section wpb_row us_custom_0d15be52 height_small with_shape\"><div class=\"l-section-shape type_wave pos_top\" style=\"height:70px;color:var(--color-header-middle-bg)\"><svg xmlns=\"http:\/\/www.w3.org\/2000\/svg\" viewBox=\"0 4 64 4\" preserveAspectRatio=\"none\" width=\"100%\" height=\"100%\">\r\n\t<path fill=\"currentColor\" d=\"M64 6 C32 0 32 12 0 6 L0 8 L64 8 Z\"\/>\r\n<\/svg><\/div><div class=\"l-section-h i-cf\"><div class=\"g-cols via_grid cols_1 laptops-cols_inherit tablets-cols_inherit mobiles-cols_1 valign_top type_default\"><div class=\"wpb_column vc_column_container\"><div class=\"vc_column-inner\"><div class=\"ult-spacer spacer-69f633ad01dac\" data-id=\"69f633ad01dac\" data-height=\"60\" data-height-mobile=\"70\" data-height-tab=\"70\" data-height-tab-portrait=\"70\" data-height-mobile-landscape=\"70\" style=\"clear:both;display:block;\"><\/div><div class=\"g-cols wpb_row via_grid cols_2 laptops-cols_inherit tablets-cols_inherit mobiles-cols_1 valign_middle type_default\"><div class=\"wpb_column vc_column_container\"><div class=\"vc_column-inner\"><div class=\"w-image align_center\"><div class=\"w-image-h\"><img width=\"450\" height=\"300\" src=\"https:\/\/campingmareblu.com\/wp-content\/uploads\/2021\/10\/mare-blu-camping-village-toscana-sistemazioni-camping-piazzola-01-450x300.jpeg\" class=\"attachment-us_450_450 size-us_450_450\" alt=\"\" loading=\"lazy\" srcset=\"https:\/\/campingmareblu.com\/wp-content\/uploads\/2021\/10\/mare-blu-camping-village-toscana-sistemazioni-camping-piazzola-01-450x300.jpeg 450w, https:\/\/campingmareblu.com\/wp-content\/uploads\/2021\/10\/mare-blu-camping-village-toscana-sistemazioni-camping-piazzola-01-300x200.jpeg 300w, https:\/\/campingmareblu.com\/wp-content\/uploads\/2021\/10\/mare-blu-camping-village-toscana-sistemazioni-camping-piazzola-01-1024x683.jpeg 1024w, https:\/\/campingmareblu.com\/wp-content\/uploads\/2021\/10\/mare-blu-camping-village-toscana-sistemazioni-camping-piazzola-01-250x167.jpeg 250w, https:\/\/campingmareblu.com\/wp-content\/uploads\/2021\/10\/mare-blu-camping-village-toscana-sistemazioni-camping-piazzola-01-100x67.jpeg 100w, https:\/\/campingmareblu.com\/wp-content\/uploads\/2021\/10\/mare-blu-camping-village-toscana-sistemazioni-camping-piazzola-01.jpeg 2048w\" sizes=\"(max-width: 450px) 100vw, 450px\" \/><\/div><\/div><\/div><\/div><div class=\"wpb_column vc_column_container\"><div class=\"vc_column-inner\"><div class=\"wpb_text_column us_custom_fca5eaa5 has_text_color\"><div class=\"wpb_wrapper\"><h2>Unsere Stellpl\u00e4tze f\u00fcr Zelte<\/h2>\n<\/div><\/div><div class=\"wpb_text_column\"><div class=\"wpb_wrapper\"><h4><strong>Kapazit\u00e4t<\/strong><\/h4>\n<\/div><\/div><div class=\"w-iconbox us_custom_df5f4c97 iconpos_left style_default color_custom align_left no_text has_text_color\"><div class=\"w-iconbox-icon\" style=\"font-size:20px;color:var(--color-content-link-hover);\"><i class=\"fas fa-male\"><\/i><\/div><div class=\"w-iconbox-meta\"><h4 class=\"w-iconbox-title\">6 Leute<\/h4><\/div><\/div><div class=\"ult-spacer spacer-69f633ad0298b\" data-id=\"69f633ad0298b\" data-height=\"20\" data-height-mobile=\"20\" data-height-tab=\"20\" data-height-tab-portrait=\"\" data-height-mobile-landscape=\"\" style=\"clear:both;display:block;\"><\/div><div class=\"w-btn-wrapper align_none\"><a class=\"w-btn us-btn-style_3\" rel=\"nofollow\" href=\"https:\/\/booking.campingmareblu.com\/book\/home\/index?layout=16146&amp;currency=EUR&amp;lang=de\"><span class=\"w-btn-label\">Buchen Sie jetzt<\/span><\/a><\/div><\/div><\/div><\/div><div class=\"ult-spacer spacer-69f633ad02b8b\" data-id=\"69f633ad02b8b\" data-height=\"30\" data-height-mobile=\"30\" data-height-tab=\"30\" data-height-tab-portrait=\"30\" data-height-mobile-landscape=\"30\" style=\"clear:both;display:block;\"><\/div><\/div><\/div><\/div><\/div><\/section><section class=\"l-section wpb_row us_custom_eef79b84 height_small with_shape\"><div class=\"l-section-shape type_wave pos_top hor_flip\" style=\"height:70px;color:var(--color-content-bg-alt)\"><svg xmlns=\"http:\/\/www.w3.org\/2000\/svg\" viewBox=\"0 4 64 4\" preserveAspectRatio=\"none\" width=\"100%\" height=\"100%\">\r\n\t<path fill=\"currentColor\" d=\"M64 6 C32 0 32 12 0 6 L0 8 L64 8 Z\"\/>\r\n<\/svg><\/div><div class=\"l-section-h i-cf\"><div class=\"g-cols via_grid cols_1 laptops-cols_inherit tablets-cols_inherit mobiles-cols_1 valign_top type_default\"><div class=\"wpb_column vc_column_container\"><div class=\"vc_column-inner\"><div class=\"ult-spacer spacer-69f633ad02e1a\" data-id=\"69f633ad02e1a\" data-height=\"60\" data-height-mobile=\"70\" data-height-tab=\"70\" data-height-tab-portrait=\"70\" data-height-mobile-landscape=\"70\" style=\"clear:both;display:block;\"><\/div><div class=\"g-cols wpb_row via_grid cols_2 laptops-cols_inherit tablets-cols_inherit mobiles-cols_1 valign_middle type_default\"><div class=\"wpb_column vc_column_container\"><div class=\"vc_column-inner\"><div class=\"wpb_text_column us_custom_fca5eaa5 has_text_color\"><div class=\"wpb_wrapper\"><h2 style=\"text-align: right;\">Unsere Stellpl\u00e4tze f\u00fcr Camper<\/h2>\n<\/div><\/div><div class=\"wpb_text_column\"><div class=\"wpb_wrapper\"><h4 style=\"text-align: right;\"><strong>Kapazit\u00e4t<\/strong><\/h4>\n<\/div><\/div><div class=\"w-iconbox us_custom_df5f4c97 iconpos_left style_default color_custom align_right no_text has_text_color\"><div class=\"w-iconbox-icon\" style=\"font-size:20px;color:var(--color-content-link-hover);\"><i class=\"fas fa-male\"><\/i><\/div><div class=\"w-iconbox-meta\"><h4 class=\"w-iconbox-title\">6 Leute<\/h4><\/div><\/div><div class=\"ult-spacer spacer-69f633ad0326a\" data-id=\"69f633ad0326a\" data-height=\"20\" data-height-mobile=\"20\" data-height-tab=\"20\" data-height-tab-portrait=\"\" data-height-mobile-landscape=\"\" style=\"clear:both;display:block;\"><\/div><div class=\"w-btn-wrapper align_right\"><a class=\"w-btn us-btn-style_3\" rel=\"nofollow\" href=\"https:\/\/booking.campingmareblu.com\/book\/home\/index?layout=16146&amp;currency=EUR&amp;lang=de\"><span class=\"w-btn-label\">Buchen Sie jetzt<\/span><\/a><\/div><\/div><\/div><div class=\"wpb_column vc_column_container\"><div class=\"vc_column-inner\"><div class=\"w-image align_center\"><div class=\"w-image-h\"><img width=\"450\" height=\"300\" src=\"https:\/\/campingmareblu.com\/wp-content\/uploads\/2021\/10\/mare-blu-camping-village-toscana-sistemazioni-camping-camper-01-450x300.jpeg\" class=\"attachment-us_450_450 size-us_450_450\" alt=\"\" loading=\"lazy\" srcset=\"https:\/\/campingmareblu.com\/wp-content\/uploads\/2021\/10\/mare-blu-camping-village-toscana-sistemazioni-camping-camper-01-450x300.jpeg 450w, https:\/\/campingmareblu.com\/wp-content\/uploads\/2021\/10\/mare-blu-camping-village-toscana-sistemazioni-camping-camper-01-300x200.jpeg 300w, https:\/\/campingmareblu.com\/wp-content\/uploads\/2021\/10\/mare-blu-camping-village-toscana-sistemazioni-camping-camper-01-1024x683.jpeg 1024w, https:\/\/campingmareblu.com\/wp-content\/uploads\/2021\/10\/mare-blu-camping-village-toscana-sistemazioni-camping-camper-01-250x167.jpeg 250w, https:\/\/campingmareblu.com\/wp-content\/uploads\/2021\/10\/mare-blu-camping-village-toscana-sistemazioni-camping-camper-01-100x67.jpeg 100w, https:\/\/campingmareblu.com\/wp-content\/uploads\/2021\/10\/mare-blu-camping-village-toscana-sistemazioni-camping-camper-01.jpeg 2047w\" sizes=\"(max-width: 450px) 100vw, 450px\" \/><\/div><\/div><\/div><\/div><\/div><div class=\"ult-spacer spacer-69f633ad0376f\" data-id=\"69f633ad0376f\" data-height=\"30\" data-height-mobile=\"30\" data-height-tab=\"30\" data-height-tab-portrait=\"30\" data-height-mobile-landscape=\"30\" style=\"clear:both;display:block;\"><\/div><\/div><\/div><\/div><\/div><\/section><section class=\"l-section wpb_row us_custom_0d15be52 height_small with_shape\"><div class=\"l-section-shape type_wave pos_top\" style=\"height:70px;color:var(--color-content-border)\"><svg xmlns=\"http:\/\/www.w3.org\/2000\/svg\" viewBox=\"0 4 64 4\" preserveAspectRatio=\"none\" width=\"100%\" height=\"100%\">\r\n\t<path fill=\"currentColor\" d=\"M64 6 C32 0 32 12 0 6 L0 8 L64 8 Z\"\/>\r\n<\/svg><\/div><div class=\"l-section-h i-cf\"><div class=\"g-cols via_grid cols_1 laptops-cols_inherit tablets-cols_inherit mobiles-cols_1 valign_top type_default\"><div class=\"wpb_column vc_column_container\"><div class=\"vc_column-inner\"><div class=\"ult-spacer spacer-69f633ad03a0b\" data-id=\"69f633ad03a0b\" data-height=\"60\" data-height-mobile=\"70\" data-height-tab=\"70\" data-height-tab-portrait=\"70\" data-height-mobile-landscape=\"70\" style=\"clear:both;display:block;\"><\/div><div class=\"g-cols wpb_row via_grid cols_2 laptops-cols_inherit tablets-cols_inherit mobiles-cols_1 valign_middle type_default\"><div class=\"wpb_column vc_column_container\"><div class=\"vc_column-inner\"><div class=\"w-image align_center\"><div class=\"w-image-h\"><img width=\"450\" height=\"254\" src=\"https:\/\/campingmareblu.com\/wp-content\/uploads\/2021\/10\/mare-blu-camping-village-toscana-sistemazioni-camping-caravan-01-450x254.jpeg\" class=\"attachment-us_450_450 size-us_450_450\" alt=\"\" loading=\"lazy\" srcset=\"https:\/\/campingmareblu.com\/wp-content\/uploads\/2021\/10\/mare-blu-camping-village-toscana-sistemazioni-camping-caravan-01-450x254.jpeg 450w, https:\/\/campingmareblu.com\/wp-content\/uploads\/2021\/10\/mare-blu-camping-village-toscana-sistemazioni-camping-caravan-01-300x169.jpeg 300w, https:\/\/campingmareblu.com\/wp-content\/uploads\/2021\/10\/mare-blu-camping-village-toscana-sistemazioni-camping-caravan-01-1024x578.jpeg 1024w, https:\/\/campingmareblu.com\/wp-content\/uploads\/2021\/10\/mare-blu-camping-village-toscana-sistemazioni-camping-caravan-01-250x141.jpeg 250w, https:\/\/campingmareblu.com\/wp-content\/uploads\/2021\/10\/mare-blu-camping-village-toscana-sistemazioni-camping-caravan-01-100x56.jpeg 100w, https:\/\/campingmareblu.com\/wp-content\/uploads\/2021\/10\/mare-blu-camping-village-toscana-sistemazioni-camping-caravan-01.jpeg 2048w\" sizes=\"(max-width: 450px) 100vw, 450px\" \/><\/div><\/div><\/div><\/div><div class=\"wpb_column vc_column_container\"><div class=\"vc_column-inner\"><div class=\"wpb_text_column us_custom_fca5eaa5 has_text_color\"><div class=\"wpb_wrapper\"><h2>Unsere Stellpl\u00e4tze f\u00fcr Wohnwagen<\/h2>\n<\/div><\/div><div class=\"wpb_text_column\"><div class=\"wpb_wrapper\"><h4><strong>Kapazit\u00e4t<\/strong><\/h4>\n<\/div><\/div><div class=\"w-iconbox us_custom_df5f4c97 iconpos_left style_default color_custom align_left no_text has_text_color\"><div class=\"w-iconbox-icon\" style=\"font-size:20px;color:var(--color-content-link-hover);\"><i class=\"fas fa-male\"><\/i><\/div><div class=\"w-iconbox-meta\"><h4 class=\"w-iconbox-title\">6 Leute<\/h4><\/div><\/div><div class=\"ult-spacer spacer-69f633ad04203\" data-id=\"69f633ad04203\" data-height=\"20\" data-height-mobile=\"20\" data-height-tab=\"20\" data-height-tab-portrait=\"\" data-height-mobile-landscape=\"\" style=\"clear:both;display:block;\"><\/div><div class=\"w-btn-wrapper align_none\"><a class=\"w-btn us-btn-style_3\" rel=\"nofollow\" href=\"https:\/\/booking.campingmareblu.com\/book\/home\/index?layout=16146&amp;currency=EUR&amp;lang=de\"><span class=\"w-btn-label\">Buchen Sie jetzt<\/span><\/a><\/div><\/div><\/div><\/div><div class=\"ult-spacer spacer-69f633ad042b4\" data-id=\"69f633ad042b4\" data-height=\"30\" data-height-mobile=\"30\" data-height-tab=\"30\" data-height-tab-portrait=\"30\" data-height-mobile-landscape=\"30\" style=\"clear:both;display:block;\"><\/div><\/div><\/div><\/div><\/div><\/section><section class=\"l-section wpb_row height_small\"><div class=\"l-section-h i-cf\"><div class=\"g-cols via_grid cols_1 laptops-cols_inherit tablets-cols_inherit mobiles-cols_1 valign_top type_default\"><div class=\"wpb_column vc_column_container\"><div class=\"vc_column-inner\"><\/div><\/div><\/div><\/div><\/section>\n","protected":false},"excerpt":{"rendered":"Camping Camping und Village in Cecina Mare, in der Toskana Unsere Stellpl\u00e4tze f\u00fcr Zelte Kapazit\u00e4t 6 LeuteBuchen Sie jetzt Unsere Stellpl\u00e4tze f\u00fcr Camper Kapazit\u00e4t 6 LeuteBuchen Sie jetzt Unsere Stellpl\u00e4tze f\u00fcr Wohnwagen Kapazit\u00e4t 6 LeuteBuchen Sie jetzt","protected":false},"author":1,"featured_media":0,"parent":0,"menu_order":0,"comment_status":"closed","ping_status":"closed","template":"","meta":[],"yoast_head":"<!-- This site is optimized with the Yoast SEO plugin v17.1 - https:\/\/yoast.com\/wordpress\/plugins\/seo\/ -->\n<title>Campingplatz in der Toskana, Camping Meer Toskana, Stellpl\u00e4tze Cecina<\/title>\n<meta name=\"description\" content=\"Campingplatz mit Stellpl\u00e4tze am Meer. Mare Blu Camping Village Cecina Mare befindet sich in der Toskana, in der N\u00e4he der Insel Capraia.\" \/>\n<meta name=\"robots\" content=\"index, follow, max-snippet:-1, max-image-preview:large, max-video-preview:-1\" \/>\n<link rel=\"canonical\" href=\"https:\/\/campingmareblu.com\/de\/campingplatz-toskana-meer\/\" \/>\n<meta property=\"og:locale\" content=\"de_DE\" \/>\n<meta property=\"og:type\" content=\"article\" \/>\n<meta property=\"og:title\" content=\"Campingplatz in der Toskana, Camping Meer Toskana, Stellpl\u00e4tze Cecina\" \/>\n<meta property=\"og:description\" content=\"Campingplatz mit Stellpl\u00e4tze am Meer. Mare Blu Camping Village Cecina Mare befindet sich in der Toskana, in der N\u00e4he der Insel Capraia.\" \/>\n<meta property=\"og:url\" content=\"https:\/\/campingmareblu.com\/de\/campingplatz-toskana-meer\/\" \/>\n<meta property=\"og:site_name\" content=\"Camping Mare Blu\" \/>\n<meta property=\"article:publisher\" content=\"https:\/\/www.facebook.com\/Camping-Mareblu-509100015940371\/\" \/>\n<meta property=\"article:modified_time\" content=\"2022-11-29T15:42:12+00:00\" \/>\n<meta name=\"twitter:card\" content=\"summary_large_image\" \/>\n<meta name=\"twitter:label1\" content=\"Gesch\u00e4tzte Lesezeit\" \/>\n\t<meta name=\"twitter:data1\" content=\"1 Minute\" \/>\n<script type=\"application\/ld+json\" class=\"yoast-schema-graph\">{\"@context\":\"https:\/\/schema.org\",\"@graph\":[{\"@type\":\"Organization\",\"@id\":\"https:\/\/campingmareblu.com\/#organization\",\"name\":\"Camping Mare Blu\",\"url\":\"https:\/\/campingmareblu.com\/\",\"sameAs\":[\"https:\/\/www.facebook.com\/Camping-Mareblu-509100015940371\/\"],\"logo\":{\"@type\":\"ImageObject\",\"@id\":\"https:\/\/campingmareblu.com\/#logo\",\"inLanguage\":\"de-DE\",\"url\":\"https:\/\/campingmareblu.com\/wp-content\/uploads\/2021\/09\/mareblu-camp-logo.png\",\"contentUrl\":\"https:\/\/campingmareblu.com\/wp-content\/uploads\/2021\/09\/mareblu-camp-logo.png\",\"width\":1713,\"height\":526,\"caption\":\"Camping Mare Blu\"},\"image\":{\"@id\":\"https:\/\/campingmareblu.com\/#logo\"}},{\"@type\":\"WebSite\",\"@id\":\"https:\/\/campingmareblu.com\/#website\",\"url\":\"https:\/\/campingmareblu.com\/\",\"name\":\"Camping Mare Blu\",\"description\":\"\",\"publisher\":{\"@id\":\"https:\/\/campingmareblu.com\/#organization\"},\"potentialAction\":[{\"@type\":\"SearchAction\",\"target\":{\"@type\":\"EntryPoint\",\"urlTemplate\":\"https:\/\/campingmareblu.com\/?s={search_term_string}\"},\"query-input\":\"required name=search_term_string\"}],\"inLanguage\":\"de-DE\"},{\"@type\":\"WebPage\",\"@id\":\"https:\/\/campingmareblu.com\/de\/campingplatz-toskana-meer\/#webpage\",\"url\":\"https:\/\/campingmareblu.com\/de\/campingplatz-toskana-meer\/\",\"name\":\"Campingplatz in der Toskana, Camping Meer Toskana, Stellpl\\u00e4tze Cecina\",\"isPartOf\":{\"@id\":\"https:\/\/campingmareblu.com\/#website\"},\"datePublished\":\"2021-12-17T14:34:33+00:00\",\"dateModified\":\"2022-11-29T15:42:12+00:00\",\"description\":\"Campingplatz mit Stellpl\\u00e4tze am Meer. Mare Blu Camping Village Cecina Mare befindet sich in der Toskana, in der N\\u00e4he der Insel Capraia.\",\"breadcrumb\":{\"@id\":\"https:\/\/campingmareblu.com\/de\/campingplatz-toskana-meer\/#breadcrumb\"},\"inLanguage\":\"de-DE\",\"potentialAction\":[{\"@type\":\"ReadAction\",\"target\":[\"https:\/\/campingmareblu.com\/de\/campingplatz-toskana-meer\/\"]}]},{\"@type\":\"BreadcrumbList\",\"@id\":\"https:\/\/campingmareblu.com\/de\/campingplatz-toskana-meer\/#breadcrumb\",\"itemListElement\":[{\"@type\":\"ListItem\",\"position\":1,\"name\":\"Home\",\"item\":\"https:\/\/campingmareblu.com\/de\/\"},{\"@type\":\"ListItem\",\"position\":2,\"name\":\"Camping\"}]}]}<\/script>\n<!-- \/ Yoast SEO plugin. -->","yoast_head_json":{"title":"Campingplatz in der Toskana, Camping Meer Toskana, Stellpl\u00e4tze Cecina","description":"Campingplatz mit Stellpl\u00e4tze am Meer. Mare Blu Camping Village Cecina Mare befindet sich in der Toskana, in der N\u00e4he der Insel Capraia.","robots":{"index":"index","follow":"follow","max-snippet":"max-snippet:-1","max-image-preview":"max-image-preview:large","max-video-preview":"max-video-preview:-1"},"canonical":"https:\/\/campingmareblu.com\/de\/campingplatz-toskana-meer\/","og_locale":"de_DE","og_type":"article","og_title":"Campingplatz in der Toskana, Camping Meer Toskana, Stellpl\u00e4tze Cecina","og_description":"Campingplatz mit Stellpl\u00e4tze am Meer. Mare Blu Camping Village Cecina Mare befindet sich in der Toskana, in der N\u00e4he der Insel Capraia.","og_url":"https:\/\/campingmareblu.com\/de\/campingplatz-toskana-meer\/","og_site_name":"Camping Mare Blu","article_publisher":"https:\/\/www.facebook.com\/Camping-Mareblu-509100015940371\/","article_modified_time":"2022-11-29T15:42:12+00:00","twitter_card":"summary_large_image","twitter_misc":{"Gesch\u00e4tzte Lesezeit":"1 Minute"},"schema":{"@context":"https:\/\/schema.org","@graph":[{"@type":"Organization","@id":"https:\/\/campingmareblu.com\/#organization","name":"Camping Mare Blu","url":"https:\/\/campingmareblu.com\/","sameAs":["https:\/\/www.facebook.com\/Camping-Mareblu-509100015940371\/"],"logo":{"@type":"ImageObject","@id":"https:\/\/campingmareblu.com\/#logo","inLanguage":"de-DE","url":"https:\/\/campingmareblu.com\/wp-content\/uploads\/2021\/09\/mareblu-camp-logo.png","contentUrl":"https:\/\/campingmareblu.com\/wp-content\/uploads\/2021\/09\/mareblu-camp-logo.png","width":1713,"height":526,"caption":"Camping Mare Blu"},"image":{"@id":"https:\/\/campingmareblu.com\/#logo"}},{"@type":"WebSite","@id":"https:\/\/campingmareblu.com\/#website","url":"https:\/\/campingmareblu.com\/","name":"Camping Mare Blu","description":"","publisher":{"@id":"https:\/\/campingmareblu.com\/#organization"},"potentialAction":[{"@type":"SearchAction","target":{"@type":"EntryPoint","urlTemplate":"https:\/\/campingmareblu.com\/?s={search_term_string}"},"query-input":"required name=search_term_string"}],"inLanguage":"de-DE"},{"@type":"WebPage","@id":"https:\/\/campingmareblu.com\/de\/campingplatz-toskana-meer\/#webpage","url":"https:\/\/campingmareblu.com\/de\/campingplatz-toskana-meer\/","name":"Campingplatz in der Toskana, Camping Meer Toskana, Stellpl\u00e4tze Cecina","isPartOf":{"@id":"https:\/\/campingmareblu.com\/#website"},"datePublished":"2021-12-17T14:34:33+00:00","dateModified":"2022-11-29T15:42:12+00:00","description":"Campingplatz mit Stellpl\u00e4tze am Meer. Mare Blu Camping Village Cecina Mare befindet sich in der Toskana, in der N\u00e4he der Insel Capraia.","breadcrumb":{"@id":"https:\/\/campingmareblu.com\/de\/campingplatz-toskana-meer\/#breadcrumb"},"inLanguage":"de-DE","potentialAction":[{"@type":"ReadAction","target":["https:\/\/campingmareblu.com\/de\/campingplatz-toskana-meer\/"]}]},{"@type":"BreadcrumbList","@id":"https:\/\/campingmareblu.com\/de\/campingplatz-toskana-meer\/#breadcrumb","itemListElement":[{"@type":"ListItem","position":1,"name":"Home","item":"https:\/\/campingmareblu.com\/de\/"},{"@type":"ListItem","position":2,"name":"Camping"}]}]}},"_links":{"self":[{"href":"https:\/\/campingmareblu.com\/de\/wp-json\/wp\/v2\/pages\/856"}],"collection":[{"href":"https:\/\/campingmareblu.com\/de\/wp-json\/wp\/v2\/pages"}],"about":[{"href":"https:\/\/campingmareblu.com\/de\/wp-json\/wp\/v2\/types\/page"}],"author":[{"embeddable":true,"href":"https:\/\/campingmareblu.com\/de\/wp-json\/wp\/v2\/users\/1"}],"replies":[{"embeddable":true,"href":"https:\/\/campingmareblu.com\/de\/wp-json\/wp\/v2\/comments?post=856"}],"version-history":[{"count":4,"href":"https:\/\/campingmareblu.com\/de\/wp-json\/wp\/v2\/pages\/856\/revisions"}],"predecessor-version":[{"id":1269,"href":"https:\/\/campingmareblu.com\/de\/wp-json\/wp\/v2\/pages\/856\/revisions\/1269"}],"wp:attachment":[{"href":"https:\/\/campingmareblu.com\/de\/wp-json\/wp\/v2\/media?parent=856"}],"curies":[{"name":"wp","href":"https:\/\/api.w.org\/{rel}","templated":true}]}}